
            {"id":2475,"date":"2021-10-27T16:30:38","date_gmt":"2021-10-27T19:30:38","guid":{"rendered":"http:\/\/www.abaline.com.br\/novo\/?page_id=2475"},"modified":"2021-10-27T16:31:21","modified_gmt":"2021-10-27T19:31:21","slug":"noticias","status":"publish","type":"page","link":"https:\/\/www.abaline.com.br\/novo\/?page_id=2475","title":{"rendered":"\u00daltimas Not\u00edcias"},"content":{"rendered":"\t\t<div data-elementor-type=\"wp-page\" data-elementor-id=\"2475\" class=\"elementor elementor-2475\" data-elementor-settings=\"[]\">\n\t\t\t\t\t\t<div class=\"elementor-inner\">\n\t\t\t\t\t\t\t<div class=\"elementor-section-wrap\">\n\t\t\t\t\t\t\t<section class=\"elementor-section elementor-top-section elementor-element elementor-element-68fb13c elementor-section-full_width elementor-section-height-default elementor-section-height-default\" data-id=\"68fb13c\" data-element_type=\"section\">\n\t\t\t\t\t\t<div class=\"elementor-container elementor-column-gap-default\">\n\t\t\t\t\t\t\t<div class=\"elementor-row\">\n\t\t\t\t\t<div class=\"elementor-column elementor-col-100 elementor-top-column elementor-element elementor-element-31e8e22\" data-id=\"31e8e22\" data-element_type=\"column\">\n\t\t\t<div class=\"elementor-column-wrap elementor-element-populated\">\n\t\t\t\t\t\t\t<div class=\"elementor-widget-wrap\">\n\t\t\t\t\t\t<div class=\"elementor-element elementor-element-49b46e0 elementor-grid-tablet-3 elementor-grid-2 elementor-posts--thumbnail-top elementor-grid-mobile-1 elementor-widget elementor-widget-posts\" data-id=\"49b46e0\" data-element_type=\"widget\" data-settings=\"{&quot;custom_columns_tablet&quot;:&quot;3&quot;,&quot;custom_columns&quot;:&quot;2&quot;,&quot;custom_columns_mobile&quot;:&quot;1&quot;,&quot;custom_row_gap&quot;:{&quot;unit&quot;:&quot;px&quot;,&quot;size&quot;:35,&quot;sizes&quot;:[]}}\" data-widget_type=\"posts.custom\">\n\t\t\t\t<div class=\"elementor-widget-container\">\n\t\t\t      <div class=\"ecs-posts elementor-posts-container elementor-posts   elementor-grid elementor-posts--skin-custom\" data-settings=\"{&quot;current_page&quot;:1,&quot;max_num_pages&quot;:1,&quot;load_method&quot;:&quot;&quot;,&quot;widget_id&quot;:&quot;49b46e0&quot;,&quot;post_id&quot;:2475,&quot;theme_id&quot;:2475,&quot;change_url&quot;:false,&quot;reinit_js&quot;:false}\">\n      \t\t<article id=\"post-2699\" class=\"elementor-post elementor-grid-item ecs-post-loop post-2699 post type-post status-publish format-standard has-post-thumbnail hentry category-noticias tag-abaline tag-ilhadomel tag-travessiailhadomel\">\n\t\t\t\t<div data-elementor-type=\"loop\" data-elementor-id=\"443\" class=\"elementor elementor-443 post-2699 post type-post status-publish format-standard has-post-thumbnail hentry category-noticias tag-abaline tag-ilhadomel tag-travessiailhadomel\" data-elementor-settings=\"[]\">\n\t\t<div class=\"elementor-section-wrap\">\n\t\t\t\t\t<section class=\"elementor-section elementor-top-section elementor-element elementor-element-1cd1b6d elementor-section-full_width elementor-section-height-default elementor-section-height-default\" data-id=\"1cd1b6d\" data-element_type=\"section\">\n\t\t\t\t\t\t<div class=\"elementor-container elementor-column-gap-default\">\n\t\t\t\t\t\t\t<div class=\"elementor-row\">\n\t\t\t\t\t<div class=\"elementor-column elementor-col-100 elementor-top-column elementor-element elementor-element-29d91e8\" data-id=\"29d91e8\" data-element_type=\"column\">\n\t\t\t<div class=\"elementor-column-wrap elementor-element-populated\">\n\t\t\t\t\t\t\t<div class=\"elementor-widget-wrap\">\n\t\t\t\t\t\t<div class=\"elementor-element elementor-element-053da46 elementor-widget elementor-widget-theme-post-featured-image elementor-widget-image\" data-id=\"053da46\" data-element_type=\"widget\" data-widget_type=\"theme-post-featured-image.default\">\n\t\t\t\t<div class=\"elementor-widget-container\">\n\t\t\t\t\t\t\t\t<div class=\"elementor-image\">\n\t\t\t\t\t\t\t\t\t\t\t\t\t<a href=\"https:\/\/www.abaline.com.br\/novo\/?p=2699\">\n\t\t\t\t\t\t\t<img loading=\"lazy\" decoding=\"async\" width=\"600\" height=\"400\" src=\"https:\/\/www.abaline.com.br\/novo\/wp-content\/uploads\/2021\/10\/Pontal-do-Sul.jpg\" class=\"attachment-medium_large size-medium_large\" alt=\"\" srcset=\"https:\/\/www.abaline.com.br\/novo\/wp-content\/uploads\/2021\/10\/Pontal-do-Sul.jpg 600w, https:\/\/www.abaline.com.br\/novo\/wp-content\/uploads\/2021\/10\/Pontal-do-Sul-300x200.jpg 300w\" sizes=\"auto, (max-width: 600px) 100vw, 600px\" \/>\t\t\t\t\t\t\t\t<\/a>\n\t\t\t\t\t\t\t\t\t\t\t\t\t\t<\/div>\n\t\t\t\t\t\t<\/div>\n\t\t\t\t<\/div>\n\t\t\t\t<div class=\"elementor-element elementor-element-ce08b1c elementor-widget elementor-widget-heading\" data-id=\"ce08b1c\" data-element_type=\"widget\" data-widget_type=\"heading.default\">\n\t\t\t\t<div class=\"elementor-widget-container\">\n\t\t\t<h2 class=\"elementor-heading-title elementor-size-default\">Abaline, tradi\u00e7\u00e3o na travessia para a Ilha do Mel<\/h2>\t\t<\/div>\n\t\t\t\t<\/div>\n\t\t\t\t\t\t<\/div>\n\t\t\t\t\t<\/div>\n\t\t<\/div>\n\t\t\t\t\t\t\t\t<\/div>\n\t\t\t\t\t<\/div>\n\t\t<\/section>\n\t\t\t\t<\/div>\n\t\t<\/div>\n\t\t\t\t<\/article>\n\t\t\t\t<article id=\"post-2703\" class=\"elementor-post elementor-grid-item ecs-post-loop post-2703 post type-post status-publish format-standard has-post-thumbnail hentry category-noticias tag-ilhadomeljazzfestival tag-travessiailhadomel\">\n\t\t\t\t<div data-elementor-type=\"loop\" data-elementor-id=\"443\" class=\"elementor elementor-443 post-2703 post type-post status-publish format-standard has-post-thumbnail hentry category-noticias tag-ilhadomeljazzfestival tag-travessiailhadomel\" data-elementor-settings=\"[]\">\n\t\t<div class=\"elementor-section-wrap\">\n\t\t\t\t\t<section class=\"elementor-section elementor-top-section elementor-element elementor-element-1cd1b6d elementor-section-full_width elementor-section-height-default elementor-section-height-default\" data-id=\"1cd1b6d\" data-element_type=\"section\">\n\t\t\t\t\t\t<div class=\"elementor-container elementor-column-gap-default\">\n\t\t\t\t\t\t\t<div class=\"elementor-row\">\n\t\t\t\t\t<div class=\"elementor-column elementor-col-100 elementor-top-column elementor-element elementor-element-29d91e8\" data-id=\"29d91e8\" data-element_type=\"column\">\n\t\t\t<div class=\"elementor-column-wrap elementor-element-populated\">\n\t\t\t\t\t\t\t<div class=\"elementor-widget-wrap\">\n\t\t\t\t\t\t<div class=\"elementor-element elementor-element-053da46 elementor-widget elementor-widget-theme-post-featured-image elementor-widget-image\" data-id=\"053da46\" data-element_type=\"widget\" data-widget_type=\"theme-post-featured-image.default\">\n\t\t\t\t<div class=\"elementor-widget-container\">\n\t\t\t\t\t\t\t\t<div class=\"elementor-image\">\n\t\t\t\t\t\t\t\t\t\t\t\t\t<a href=\"https:\/\/www.abaline.com.br\/novo\/?p=2703\">\n\t\t\t\t\t\t\t<img loading=\"lazy\" decoding=\"async\" width=\"768\" height=\"432\" src=\"https:\/\/www.abaline.com.br\/novo\/wp-content\/uploads\/2022\/07\/music-gfaf47999e_1280-768x432.jpg\" class=\"attachment-medium_large size-medium_large\" alt=\"\" srcset=\"https:\/\/www.abaline.com.br\/novo\/wp-content\/uploads\/2022\/07\/music-gfaf47999e_1280-768x432.jpg 768w, https:\/\/www.abaline.com.br\/novo\/wp-content\/uploads\/2022\/07\/music-gfaf47999e_1280-300x169.jpg 300w, https:\/\/www.abaline.com.br\/novo\/wp-content\/uploads\/2022\/07\/music-gfaf47999e_1280-1024x576.jpg 1024w, https:\/\/www.abaline.com.br\/novo\/wp-content\/uploads\/2022\/07\/music-gfaf47999e_1280.jpg 1280w\" sizes=\"auto, (max-width: 768px) 100vw, 768px\" \/>\t\t\t\t\t\t\t\t<\/a>\n\t\t\t\t\t\t\t\t\t\t\t\t\t\t<\/div>\n\t\t\t\t\t\t<\/div>\n\t\t\t\t<\/div>\n\t\t\t\t<div class=\"elementor-element elementor-element-ce08b1c elementor-widget elementor-widget-heading\" data-id=\"ce08b1c\" data-element_type=\"widget\" data-widget_type=\"heading.default\">\n\t\t\t\t<div class=\"elementor-widget-container\">\n\t\t\t<h2 class=\"elementor-heading-title elementor-size-default\">6\u00aa EDI\u00c7\u00c3O DO ILHA DO MEL JAZZ FESTIVAL<\/h2>\t\t<\/div>\n\t\t\t\t<\/div>\n\t\t\t\t\t\t<\/div>\n\t\t\t\t\t<\/div>\n\t\t<\/div>\n\t\t\t\t\t\t\t\t<\/div>\n\t\t\t\t\t<\/div>\n\t\t<\/section>\n\t\t\t\t<\/div>\n\t\t<\/div>\n\t\t\t\t<\/article>\n\t\t\t\t<article id=\"post-2707\" class=\"elementor-post elementor-grid-item ecs-post-loop post-2707 post type-post status-publish format-standard has-post-thumbnail hentry category-noticias tag-faroldasconchas tag-ilhadomel\">\n\t\t\t\t<div data-elementor-type=\"loop\" data-elementor-id=\"443\" class=\"elementor elementor-443 post-2707 post type-post status-publish format-standard has-post-thumbnail hentry category-noticias tag-faroldasconchas tag-ilhadomel\" data-elementor-settings=\"[]\">\n\t\t<div class=\"elementor-section-wrap\">\n\t\t\t\t\t<section class=\"elementor-section elementor-top-section elementor-element elementor-element-1cd1b6d elementor-section-full_width elementor-section-height-default elementor-section-height-default\" data-id=\"1cd1b6d\" data-element_type=\"section\">\n\t\t\t\t\t\t<div class=\"elementor-container elementor-column-gap-default\">\n\t\t\t\t\t\t\t<div class=\"elementor-row\">\n\t\t\t\t\t<div class=\"elementor-column elementor-col-100 elementor-top-column elementor-element elementor-element-29d91e8\" data-id=\"29d91e8\" data-element_type=\"column\">\n\t\t\t<div class=\"elementor-column-wrap elementor-element-populated\">\n\t\t\t\t\t\t\t<div class=\"elementor-widget-wrap\">\n\t\t\t\t\t\t<div class=\"elementor-element elementor-element-053da46 elementor-widget elementor-widget-theme-post-featured-image elementor-widget-image\" data-id=\"053da46\" data-element_type=\"widget\" data-widget_type=\"theme-post-featured-image.default\">\n\t\t\t\t<div class=\"elementor-widget-container\">\n\t\t\t\t\t\t\t\t<div class=\"elementor-image\">\n\t\t\t\t\t\t\t\t\t\t\t\t\t<a href=\"https:\/\/www.abaline.com.br\/novo\/?p=2707\">\n\t\t\t\t\t\t\t<img loading=\"lazy\" decoding=\"async\" width=\"768\" height=\"432\" src=\"https:\/\/www.abaline.com.br\/novo\/wp-content\/uploads\/2022\/07\/full_1_ilhadomel-768x432.jpg\" class=\"attachment-medium_large size-medium_large\" alt=\"\" srcset=\"https:\/\/www.abaline.com.br\/novo\/wp-content\/uploads\/2022\/07\/full_1_ilhadomel-768x432.jpg 768w, https:\/\/www.abaline.com.br\/novo\/wp-content\/uploads\/2022\/07\/full_1_ilhadomel-300x169.jpg 300w, https:\/\/www.abaline.com.br\/novo\/wp-content\/uploads\/2022\/07\/full_1_ilhadomel-1024x576.jpg 1024w, https:\/\/www.abaline.com.br\/novo\/wp-content\/uploads\/2022\/07\/full_1_ilhadomel.jpg 1280w\" sizes=\"auto, (max-width: 768px) 100vw, 768px\" \/>\t\t\t\t\t\t\t\t<\/a>\n\t\t\t\t\t\t\t\t\t\t\t\t\t\t<\/div>\n\t\t\t\t\t\t<\/div>\n\t\t\t\t<\/div>\n\t\t\t\t<div class=\"elementor-element elementor-element-ce08b1c elementor-widget elementor-widget-heading\" data-id=\"ce08b1c\" data-element_type=\"widget\" data-widget_type=\"heading.default\">\n\t\t\t\t<div class=\"elementor-widget-container\">\n\t\t\t<h2 class=\"elementor-heading-title elementor-size-default\">Farol das Conchas na Ilha do Mel: 150 anos de hist\u00f3ria<\/h2>\t\t<\/div>\n\t\t\t\t<\/div>\n\t\t\t\t\t\t<\/div>\n\t\t\t\t\t<\/div>\n\t\t<\/div>\n\t\t\t\t\t\t\t\t<\/div>\n\t\t\t\t\t<\/div>\n\t\t<\/section>\n\t\t\t\t<\/div>\n\t\t<\/div>\n\t\t\t\t<\/article>\n\t\t\t\t<article id=\"post-2718\" class=\"elementor-post elementor-grid-item ecs-post-loop post-2718 post type-post status-publish format-standard has-post-thumbnail hentry category-noticias tag-ilhadomel\">\n\t\t\t\t<div data-elementor-type=\"loop\" data-elementor-id=\"443\" class=\"elementor elementor-443 post-2718 post type-post status-publish format-standard has-post-thumbnail hentry category-noticias tag-ilhadomel\" data-elementor-settings=\"[]\">\n\t\t<div class=\"elementor-section-wrap\">\n\t\t\t\t\t<section class=\"elementor-section elementor-top-section elementor-element elementor-element-1cd1b6d elementor-section-full_width elementor-section-height-default elementor-section-height-default\" data-id=\"1cd1b6d\" data-element_type=\"section\">\n\t\t\t\t\t\t<div class=\"elementor-container elementor-column-gap-default\">\n\t\t\t\t\t\t\t<div class=\"elementor-row\">\n\t\t\t\t\t<div class=\"elementor-column elementor-col-100 elementor-top-column elementor-element elementor-element-29d91e8\" data-id=\"29d91e8\" data-element_type=\"column\">\n\t\t\t<div class=\"elementor-column-wrap elementor-element-populated\">\n\t\t\t\t\t\t\t<div class=\"elementor-widget-wrap\">\n\t\t\t\t\t\t<div class=\"elementor-element elementor-element-053da46 elementor-widget elementor-widget-theme-post-featured-image elementor-widget-image\" data-id=\"053da46\" data-element_type=\"widget\" data-widget_type=\"theme-post-featured-image.default\">\n\t\t\t\t<div class=\"elementor-widget-container\">\n\t\t\t\t\t\t\t\t<div class=\"elementor-image\">\n\t\t\t\t\t\t\t\t\t\t\t\t\t<a href=\"https:\/\/www.abaline.com.br\/novo\/?p=2718\">\n\t\t\t\t\t\t\t<img loading=\"lazy\" decoding=\"async\" width=\"768\" height=\"576\" src=\"https:\/\/www.abaline.com.br\/novo\/wp-content\/uploads\/2022\/08\/ABALINE-INFORMA-png-768x576.png\" class=\"attachment-medium_large size-medium_large\" alt=\"\" srcset=\"https:\/\/www.abaline.com.br\/novo\/wp-content\/uploads\/2022\/08\/ABALINE-INFORMA-png-768x576.png 768w, https:\/\/www.abaline.com.br\/novo\/wp-content\/uploads\/2022\/08\/ABALINE-INFORMA-png-300x225.png 300w, https:\/\/www.abaline.com.br\/novo\/wp-content\/uploads\/2022\/08\/ABALINE-INFORMA-png-1024x768.png 1024w, https:\/\/www.abaline.com.br\/novo\/wp-content\/uploads\/2022\/08\/ABALINE-INFORMA-png.png 1200w\" sizes=\"auto, (max-width: 768px) 100vw, 768px\" \/>\t\t\t\t\t\t\t\t<\/a>\n\t\t\t\t\t\t\t\t\t\t\t\t\t\t<\/div>\n\t\t\t\t\t\t<\/div>\n\t\t\t\t<\/div>\n\t\t\t\t<div class=\"elementor-element elementor-element-ce08b1c elementor-widget elementor-widget-heading\" data-id=\"ce08b1c\" data-element_type=\"widget\" data-widget_type=\"heading.default\">\n\t\t\t\t<div class=\"elementor-widget-container\">\n\t\t\t<h2 class=\"elementor-heading-title elementor-size-default\">Marinha alerta ventos fortes no litoral<\/h2>\t\t<\/div>\n\t\t\t\t<\/div>\n\t\t\t\t\t\t<\/div>\n\t\t\t\t\t<\/div>\n\t\t<\/div>\n\t\t\t\t\t\t\t\t<\/div>\n\t\t\t\t\t<\/div>\n\t\t<\/section>\n\t\t\t\t<\/div>\n\t\t<\/div>\n\t\t\t\t<\/article>\n\t\t\t\t<article id=\"post-2757\" class=\"elementor-post elementor-grid-item ecs-post-loop post-2757 post type-post status-publish format-standard has-post-thumbnail hentry category-noticias tag-litoraldoparana tag-travesiailhadomel tag-viacaograciosa\">\n\t\t\t\t<div data-elementor-type=\"loop\" data-elementor-id=\"443\" class=\"elementor elementor-443 post-2757 post type-post status-publish format-standard has-post-thumbnail hentry category-noticias tag-litoraldoparana tag-travesiailhadomel tag-viacaograciosa\" data-elementor-settings=\"[]\">\n\t\t<div class=\"elementor-section-wrap\">\n\t\t\t\t\t<section class=\"elementor-section elementor-top-section elementor-element elementor-element-1cd1b6d elementor-section-full_width elementor-section-height-default elementor-section-height-default\" data-id=\"1cd1b6d\" data-element_type=\"section\">\n\t\t\t\t\t\t<div class=\"elementor-container elementor-column-gap-default\">\n\t\t\t\t\t\t\t<div class=\"elementor-row\">\n\t\t\t\t\t<div class=\"elementor-column elementor-col-100 elementor-top-column elementor-element elementor-element-29d91e8\" data-id=\"29d91e8\" data-element_type=\"column\">\n\t\t\t<div class=\"elementor-column-wrap elementor-element-populated\">\n\t\t\t\t\t\t\t<div class=\"elementor-widget-wrap\">\n\t\t\t\t\t\t<div class=\"elementor-element elementor-element-053da46 elementor-widget elementor-widget-theme-post-featured-image elementor-widget-image\" data-id=\"053da46\" data-element_type=\"widget\" data-widget_type=\"theme-post-featured-image.default\">\n\t\t\t\t<div class=\"elementor-widget-container\">\n\t\t\t\t\t\t\t\t<div class=\"elementor-image\">\n\t\t\t\t\t\t\t\t\t\t\t\t\t<a href=\"https:\/\/www.abaline.com.br\/novo\/?p=2757\">\n\t\t\t\t\t\t\t<img loading=\"lazy\" decoding=\"async\" width=\"768\" height=\"445\" src=\"https:\/\/www.abaline.com.br\/novo\/wp-content\/uploads\/2022\/12\/parceria-Graciosa-768x445.jpg\" class=\"attachment-medium_large size-medium_large\" alt=\"\" srcset=\"https:\/\/www.abaline.com.br\/novo\/wp-content\/uploads\/2022\/12\/parceria-Graciosa-768x445.jpg 768w, https:\/\/www.abaline.com.br\/novo\/wp-content\/uploads\/2022\/12\/parceria-Graciosa-300x174.jpg 300w, https:\/\/www.abaline.com.br\/novo\/wp-content\/uploads\/2022\/12\/parceria-Graciosa-1024x594.jpg 1024w, https:\/\/www.abaline.com.br\/novo\/wp-content\/uploads\/2022\/12\/parceria-Graciosa.jpg 1280w\" sizes=\"auto, (max-width: 768px) 100vw, 768px\" \/>\t\t\t\t\t\t\t\t<\/a>\n\t\t\t\t\t\t\t\t\t\t\t\t\t\t<\/div>\n\t\t\t\t\t\t<\/div>\n\t\t\t\t<\/div>\n\t\t\t\t<div class=\"elementor-element elementor-element-ce08b1c elementor-widget elementor-widget-heading\" data-id=\"ce08b1c\" data-element_type=\"widget\" data-widget_type=\"heading.default\">\n\t\t\t\t<div class=\"elementor-widget-container\">\n\t\t\t<h2 class=\"elementor-heading-title elementor-size-default\">Parceria entre Abaline e Via\u00e7\u00e3o Graciosa<\/h2>\t\t<\/div>\n\t\t\t\t<\/div>\n\t\t\t\t\t\t<\/div>\n\t\t\t\t\t<\/div>\n\t\t<\/div>\n\t\t\t\t\t\t\t\t<\/div>\n\t\t\t\t\t<\/div>\n\t\t<\/section>\n\t\t\t\t<\/div>\n\t\t<\/div>\n\t\t\t\t<\/article>\n\t\t\t\t<article id=\"post-2776\" class=\"elementor-post elementor-grid-item ecs-post-loop post-2776 post type-post status-publish format-standard has-post-thumbnail hentry category-noticias tag-apaixonadospelailhadomel\">\n\t\t\t\t<div data-elementor-type=\"loop\" data-elementor-id=\"443\" class=\"elementor elementor-443 post-2776 post type-post status-publish format-standard has-post-thumbnail hentry category-noticias tag-apaixonadospelailhadomel\" data-elementor-settings=\"[]\">\n\t\t<div class=\"elementor-section-wrap\">\n\t\t\t\t\t<section class=\"elementor-section elementor-top-section elementor-element elementor-element-1cd1b6d elementor-section-full_width elementor-section-height-default elementor-section-height-default\" data-id=\"1cd1b6d\" data-element_type=\"section\">\n\t\t\t\t\t\t<div class=\"elementor-container elementor-column-gap-default\">\n\t\t\t\t\t\t\t<div class=\"elementor-row\">\n\t\t\t\t\t<div class=\"elementor-column elementor-col-100 elementor-top-column elementor-element elementor-element-29d91e8\" data-id=\"29d91e8\" data-element_type=\"column\">\n\t\t\t<div class=\"elementor-column-wrap elementor-element-populated\">\n\t\t\t\t\t\t\t<div class=\"elementor-widget-wrap\">\n\t\t\t\t\t\t<div class=\"elementor-element elementor-element-053da46 elementor-widget elementor-widget-theme-post-featured-image elementor-widget-image\" data-id=\"053da46\" data-element_type=\"widget\" data-widget_type=\"theme-post-featured-image.default\">\n\t\t\t\t<div class=\"elementor-widget-container\">\n\t\t\t\t\t\t\t\t<div class=\"elementor-image\">\n\t\t\t\t\t\t\t\t\t\t\t\t\t<a href=\"https:\/\/www.abaline.com.br\/novo\/?p=2776\">\n\t\t\t\t\t\t\t<img loading=\"lazy\" decoding=\"async\" width=\"720\" height=\"720\" src=\"https:\/\/www.abaline.com.br\/novo\/wp-content\/uploads\/2023\/02\/logo-apaixonados-1.jpeg\" class=\"attachment-medium_large size-medium_large\" alt=\"\" srcset=\"https:\/\/www.abaline.com.br\/novo\/wp-content\/uploads\/2023\/02\/logo-apaixonados-1.jpeg 720w, https:\/\/www.abaline.com.br\/novo\/wp-content\/uploads\/2023\/02\/logo-apaixonados-1-300x300.jpeg 300w, https:\/\/www.abaline.com.br\/novo\/wp-content\/uploads\/2023\/02\/logo-apaixonados-1-150x150.jpeg 150w\" sizes=\"auto, (max-width: 720px) 100vw, 720px\" \/>\t\t\t\t\t\t\t\t<\/a>\n\t\t\t\t\t\t\t\t\t\t\t\t\t\t<\/div>\n\t\t\t\t\t\t<\/div>\n\t\t\t\t<\/div>\n\t\t\t\t<div class=\"elementor-element elementor-element-ce08b1c elementor-widget elementor-widget-heading\" data-id=\"ce08b1c\" data-element_type=\"widget\" data-widget_type=\"heading.default\">\n\t\t\t\t<div class=\"elementor-widget-container\">\n\t\t\t<h2 class=\"elementor-heading-title elementor-size-default\">Participe  do 2\u00ba Encontro dos Apaixonados pela Ilha do Mel<\/h2>\t\t<\/div>\n\t\t\t\t<\/div>\n\t\t\t\t\t\t<\/div>\n\t\t\t\t\t<\/div>\n\t\t<\/div>\n\t\t\t\t\t\t\t\t<\/div>\n\t\t\t\t\t<\/div>\n\t\t<\/section>\n\t\t\t\t<\/div>\n\t\t<\/div>\n\t\t\t\t<\/article>\n\t\t\t\t<article id=\"post-2784\" class=\"elementor-post elementor-grid-item ecs-post-loop post-2784 post type-post status-publish format-standard has-post-thumbnail hentry category-ultimas-noticias-noticias category-ultimas-noticias tag-travessiailhadomel\">\n\t\t\t\t<div data-elementor-type=\"loop\" data-elementor-id=\"443\" class=\"elementor elementor-443 post-2784 post type-post status-publish format-standard has-post-thumbnail hentry category-ultimas-noticias-noticias category-ultimas-noticias tag-travessiailhadomel\" data-elementor-settings=\"[]\">\n\t\t<div class=\"elementor-section-wrap\">\n\t\t\t\t\t<section class=\"elementor-section elementor-top-section elementor-element elementor-element-1cd1b6d elementor-section-full_width elementor-section-height-default elementor-section-height-default\" data-id=\"1cd1b6d\" data-element_type=\"section\">\n\t\t\t\t\t\t<div class=\"elementor-container elementor-column-gap-default\">\n\t\t\t\t\t\t\t<div class=\"elementor-row\">\n\t\t\t\t\t<div class=\"elementor-column elementor-col-100 elementor-top-column elementor-element elementor-element-29d91e8\" data-id=\"29d91e8\" data-element_type=\"column\">\n\t\t\t<div class=\"elementor-column-wrap elementor-element-populated\">\n\t\t\t\t\t\t\t<div class=\"elementor-widget-wrap\">\n\t\t\t\t\t\t<div class=\"elementor-element elementor-element-053da46 elementor-widget elementor-widget-theme-post-featured-image elementor-widget-image\" data-id=\"053da46\" data-element_type=\"widget\" data-widget_type=\"theme-post-featured-image.default\">\n\t\t\t\t<div class=\"elementor-widget-container\">\n\t\t\t\t\t\t\t\t<div class=\"elementor-image\">\n\t\t\t\t\t\t\t\t\t\t\t\t\t<a href=\"https:\/\/www.abaline.com.br\/novo\/?p=2784\">\n\t\t\t\t\t\t\t<img loading=\"lazy\" decoding=\"async\" width=\"600\" height=\"400\" src=\"https:\/\/www.abaline.com.br\/novo\/wp-content\/uploads\/2023\/06\/embarque.jpg\" class=\"attachment-medium_large size-medium_large\" alt=\"\" srcset=\"https:\/\/www.abaline.com.br\/novo\/wp-content\/uploads\/2023\/06\/embarque.jpg 600w, https:\/\/www.abaline.com.br\/novo\/wp-content\/uploads\/2023\/06\/embarque-300x200.jpg 300w\" sizes=\"auto, (max-width: 600px) 100vw, 600px\" \/>\t\t\t\t\t\t\t\t<\/a>\n\t\t\t\t\t\t\t\t\t\t\t\t\t\t<\/div>\n\t\t\t\t\t\t<\/div>\n\t\t\t\t<\/div>\n\t\t\t\t<div class=\"elementor-element elementor-element-ce08b1c elementor-widget elementor-widget-heading\" data-id=\"ce08b1c\" data-element_type=\"widget\" data-widget_type=\"heading.default\">\n\t\t\t\t<div class=\"elementor-widget-container\">\n\t\t\t<h2 class=\"elementor-heading-title elementor-size-default\">Renova\u00e7\u00e3o da gest\u00e3o do terminal de embarque para Ilha do Mel<\/h2>\t\t<\/div>\n\t\t\t\t<\/div>\n\t\t\t\t\t\t<\/div>\n\t\t\t\t\t<\/div>\n\t\t<\/div>\n\t\t\t\t\t\t\t\t<\/div>\n\t\t\t\t\t<\/div>\n\t\t<\/section>\n\t\t\t\t<\/div>\n\t\t<\/div>\n\t\t\t\t<\/article>\n\t\t\t\t<\/div>\n\t\t\t\t<\/div>\n\t\t\t\t<\/div>\n\t\t\t\t\t\t<\/div>\n\t\t\t\t\t<\/div>\n\t\t<\/div>\n\t\t\t\t\t\t\t\t<\/div>\n\t\t\t\t\t<\/div>\n\t\t<\/section>\n\t\t\t\t\t\t<\/div>\n\t\t\t\t\t\t<\/div>\n\t\t\t\t\t<\/div>\n\t\t","protected":false},"excerpt":{"rendered":"","protected":false},"author":1,"featured_media":412,"parent":0,"menu_order":0,"comment_status":"closed","ping_status":"closed","template":"","meta":{"footnotes":""},"class_list":["post-2475","page","type-page","status-publish","has-post-thumbnail","hentry"],"_links":{"self":[{"href":"https:\/\/www.abaline.com.br\/novo\/index.php?rest_route=\/wp\/v2\/pages\/2475","targetHints":{"allow":["GET"]}}],"collection":[{"href":"https:\/\/www.abaline.com.br\/novo\/index.php?rest_route=\/wp\/v2\/pages"}],"about":[{"href":"https:\/\/www.abaline.com.br\/novo\/index.php?rest_route=\/wp\/v2\/types\/page"}],"author":[{"embeddable":true,"href":"https:\/\/www.abaline.com.br\/novo\/index.php?rest_route=\/wp\/v2\/users\/1"}],"replies":[{"embeddable":true,"href":"https:\/\/www.abaline.com.br\/novo\/index.php?rest_route=%2Fwp%2Fv2%2Fcomments&post=2475"}],"version-history":[{"count":5,"href":"https:\/\/www.abaline.com.br\/novo\/index.php?rest_route=\/wp\/v2\/pages\/2475\/revisions"}],"predecessor-version":[{"id":2480,"href":"https:\/\/www.abaline.com.br\/novo\/index.php?rest_route=\/wp\/v2\/pages\/2475\/revisions\/2480"}],"wp:featuredmedia":[{"embeddable":true,"href":"https:\/\/www.abaline.com.br\/novo\/index.php?rest_route=\/wp\/v2\/media\/412"}],"wp:attachment":[{"href":"https:\/\/www.abaline.com.br\/novo\/index.php?rest_route=%2Fwp%2Fv2%2Fmedia&parent=2475"}],"curies":[{"name":"wp","href":"https:\/\/api.w.org\/{rel}","templated":true}]}}